{"id":201,"date":"2024-09-10T10:10:25","date_gmt":"2024-09-10T10:10:25","guid":{"rendered":"http:\/\/3.75.173.61\/?page_id=201"},"modified":"2024-09-11T09:38:54","modified_gmt":"2024-09-11T09:38:54","slug":"software","status":"publish","type":"page","link":"https:\/\/brain-cloud.ai\/en\/software\/","title":{"rendered":"Software"},"content":{"rendered":"<figure class=\"wp-block-image size-full\"><img loading=\"lazy\" decoding=\"async\" width=\"1000\" height=\"600\" src=\"https:\/\/brain-cloud.ai\/wp-content\/uploads\/2024\/09\/shutterstock_1213465912.jpg\" alt=\"\" class=\"wp-image-230\" style=\"aspect-ratio:16\/9;object-fit:cover\" srcset=\"https:\/\/brain-cloud.ai\/wp-content\/uploads\/2024\/09\/shutterstock_1213465912.jpg 1000w, https:\/\/brain-cloud.ai\/wp-content\/uploads\/2024\/09\/shutterstock_1213465912-300x180.jpg 300w, https:\/\/brain-cloud.ai\/wp-content\/uploads\/2024\/09\/shutterstock_1213465912-768x461.jpg 768w, https:\/\/brain-cloud.ai\/wp-content\/uploads\/2024\/09\/shutterstock_1213465912-18x12.jpg 18w\" sizes=\"(max-width: 1000px) 100vw, 1000px\" \/><\/figure>\n\n\n\n<p class=\"has-text-align-center has-primary-color has-text-color has-medium-font-size\"><strong>Great ideas you never had time to realize?<br>Projects where you can only achieve something together?<\/strong><\/p>\n\n\n\n<p class=\"has-text-align-center has-primary-color has-text-color has-medium-font-size\"><span class=\"varela-font\">br<span style=\"color: #19d7e1\">AI<\/span>n-cloud<\/span> AI GmbH offers an artificially intelligent solution to match and connect people with similar ideas.<br> With <span class=\"varela-font\">br<span style=\"color: #19d7e1\">AI<\/span>n-cloud<\/span> we create AI-based networks to establish collaboration or business relationships.<br><br>Use synergies efficiently!<\/p>\n\n\n\n<hr class=\"wp-block-separator has-text-color has-css-opacity has-background is-style-wide\" style=\"margin-top:var(--wp--preset--spacing--40);margin-bottom:var(--wp--preset--spacing--40);background-color:#19d7e1;color:#19d7e1\"\/>\n\n\n\n<p class=\"has-text-align-center has-medium-font-size\" style=\"margin-top:0;margin-right:0;margin-bottom:0;margin-left:0\"><strong>With its intelligent textual analysis<br>let our AI software show you...<\/strong><\/p>\n\n\n\n<p class=\"has-text-align-center has-medium-font-size\">\u2026 who is the perfect partner for innovative ideas or projects<br>\u2026 who in your organization is working on which topics<br>\u2026 which contacts are promising and valuable<\/p>\n\n\n\n<hr class=\"wp-block-separator has-text-color has-css-opacity has-background is-style-wide\" style=\"margin-top:var(--wp--preset--spacing--40);margin-bottom:var(--wp--preset--spacing--40);background-color:#19d7e1;color:#19d7e1\"\/>\n\n\n\n<p class=\"has-text-align-center\">If you are interested, please contact us.<\/p>\n\n\n\n<p><\/p>","protected":false},"excerpt":{"rendered":"<p>Tolle Ideen, f\u00fcr deren Umsetzung Sie nie Zeit hatten?Projekte, bei denen man nur gemeinsam etwas erreichen kann? brAIn-cloud AI GmbH bietet eine k\u00fcnstlich intelligente Software L\u00f6sung, um Menschen mit \u00e4hnlichen Ideen zu finden und zu verbinden. Mit brAIn-cloud erstellen wir KI-basierte Netzwerke, um eine Zusammenarbeit oder Gesch\u00e4ftsbeziehungen aufzubauen. Nutzen Sie Synergien effizient! Mit intelligenter Textanalysezeigt [&hellip;]<\/p>","protected":false},"author":1,"featured_media":0,"parent":0,"menu_order":0,"comment_status":"closed","ping_status":"closed","template":"","meta":{"footnotes":""},"class_list":["post-201","page","type-page","status-publish","hentry"],"_links":{"self":[{"href":"https:\/\/brain-cloud.ai\/en\/wp-json\/wp\/v2\/pages\/201"}],"collection":[{"href":"https:\/\/brain-cloud.ai\/en\/wp-json\/wp\/v2\/pages"}],"about":[{"href":"https:\/\/brain-cloud.ai\/en\/wp-json\/wp\/v2\/types\/page"}],"author":[{"embeddable":true,"href":"https:\/\/brain-cloud.ai\/en\/wp-json\/wp\/v2\/users\/1"}],"replies":[{"embeddable":true,"href":"https:\/\/brain-cloud.ai\/en\/wp-json\/wp\/v2\/comments?post=201"}],"version-history":[{"count":16,"href":"https:\/\/brain-cloud.ai\/en\/wp-json\/wp\/v2\/pages\/201\/revisions"}],"predecessor-version":[{"id":248,"href":"https:\/\/brain-cloud.ai\/en\/wp-json\/wp\/v2\/pages\/201\/revisions\/248"}],"wp:attachment":[{"href":"https:\/\/brain-cloud.ai\/en\/wp-json\/wp\/v2\/media?parent=201"}],"curies":[{"name":"wp","href":"https:\/\/api.w.org\/{rel}","templated":true}]}}